{"id":1316,"date":"2025-02-24T11:29:45","date_gmt":"2025-02-24T12:29:45","guid":{"rendered":"https:\/\/meusite.cv\/?page_id=1316"},"modified":"2025-05-21T10:57:36","modified_gmt":"2025-05-21T11:57:36","slug":"site-e-commerce","status":"publish","type":"page","link":"https:\/\/meusite.cv\/en\/site-e-commerce\/","title":{"rendered":"Site E-Commerce"},"content":{"rendered":"<section class=\"bde-section-1316-100 bde-section\">\n  \n  \n\t\n\n\n\n<div class=\"section-container\"><h1 class=\"bde-dual-heading-1316-101 bde-dual-heading\">\n\n\n            <span data-style=\"primary\" class=\"dual-heading--primary\">Site<\/span>\n\n            <span data-style=\"secondary\" class=\"dual-heading--secondary  js-annotate\">E-Commerce<\/span>\n\n\n\n<\/h1><div class=\"bde-text-1316-102 bde-text\">\nTransforme a suas vendas com uma plataforma de e-commerce de \u00faltima gera\u00e7\u00e3o\n<\/div><div class=\"bde-button-1316-103 bde-button\">\n        \n    \n    \n    \n    \n            \n                    \n            \n            \n\n    \n    \n    \n    \n    \n    <a class=\"breakdance-link button-atom button-atom--primary bde-button__button\" href=\"https:\/\/wa.me\/+2385981391\" target=\"_self\" data-type=\"url\" rel=\"noopener noreferrer nofollow\">\n\n    \n        <span class=\"button-atom__text\">Fale connosco<\/span>\n\n        \n        \n                <\/a>\n\n    \n\n\n<\/div><div class=\"bde-globalblock-1316-154 bde-globalblock\"><div class=\"bde-countdown-timer-2265-100-2265-1 bde-countdown-timer bde-countdown-timer-2265-100\">\n\n\n\n\n<div class=\"bde-countdown-timer__time js-countdown-timer\">\n\t<div class=\"bde-countdown-timer__wrap js-wrap js-wrap-animation-none\">\n\t\t\n\t\t\t<div class=\"bde-countdown-timer__digit-wrap js-days-wrap is-visible\">\n\t\t\t\t\t\t\t\t\t<div class=\"bde-countdown-timer__digit bde-countdown-timer__days bde-countdown-timer__digit--round\">\n\t\t\t\t\t\t<span class=\"bde-countdown-timer__number js-days\">00<\/span>\n\t\t\t\t\t\t\t\t\t\t\t\t\t<p class=\"bde-countdown-timer__label js-singular\">\n\t\t\t\t\t\t\t\t<span class=\"plural\">Dias<\/span>\n\t\t\t\t\t\t\t\t<span class=\"singular\">Dias<\/span>\n\t\t\t\t\t\t\t<\/p>\n\t\t\t\t\t\t\t\t\t\t\t<\/div>\n\t\t\t\t\n\t\t\t\t\t\t\t<\/div>\n\t\t\t\t\t\n\t\t\t<div class=\"bde-countdown-timer__digit-wrap js-hours-wrap is-visible\">\n\t\t\t\t\t\t\t\t\t<div class=\"bde-countdown-timer__digit bde-countdown-timer__hours bde-countdown-timer__digit--round\">\n\t\t\t\t\t\t<span class=\"bde-countdown-timer__number js-hours\">00<\/span>\n\t\t\t\t\t\t\t\t\t\t\t\t\t<p class=\"bde-countdown-timer__label js-singular\">\n\t\t\t\t\t\t\t\t<span class=\"plural\">Horas<\/span>\n\t\t\t\t\t\t\t\t<span class=\"singular\">Horas<\/span>\n\t\t\t\t\t\t\t<\/p>\n\t\t\t\t\t\t\t\t\t\t\t<\/div>\n\t\t\t\t\n\t\t\t\t\t\t\t<\/div>\n\t\t\t\t\t\n\t\t\t<div class=\"bde-countdown-timer__digit-wrap js-minutes-wrap is-visible\">\n\t\t\t\t\t\t\t\t\t<div class=\"bde-countdown-timer__digit bde-countdown-timer__minutes bde-countdown-timer__digit--round\">\n\t\t\t\t\t\t<span class=\"bde-countdown-timer__number js-minutes\">00<\/span>\n\t\t\t\t\t\t\t\t\t\t\t\t\t<p class=\"bde-countdown-timer__label js-singular\">\n\t\t\t\t\t\t\t\t<span class=\"plural\">Minutos<\/span>\n\t\t\t\t\t\t\t\t<span class=\"singular\">Minuto<\/span>\n\t\t\t\t\t\t\t<\/p>\n\t\t\t\t\t\t\t\t\t\t\t<\/div>\n\t\t\t\t\n\t\t\t\t\t\t\t<\/div>\n\t\t\t\t\t\n\t\t\t<div class=\"bde-countdown-timer__digit-wrap js-seconds-wrap is-visible\">\n\t\t\t\t\t\t\t\t\t<div class=\"bde-countdown-timer__digit bde-countdown-timer__seconds bde-countdown-timer__digit--round\">\n\t\t\t\t\t\t<span class=\"bde-countdown-timer__number js-seconds\">00<\/span>\n\t\t\t\t\t\t\t\t\t\t\t\t\t<p class=\"bde-countdown-timer__label js-singular\">\n\t\t\t\t\t\t\t\t<span class=\"plural\">Segundos<\/span>\n\t\t\t\t\t\t\t\t<span class=\"singular\">Segundo<\/span>\n\t\t\t\t\t\t\t<\/p>\n\t\t\t\t\t\t\t\t\t\t\t<\/div>\n\t\t\t\t\n\t\t\t\t\t\t\t<\/div>\n\t\t\t\t\t\t<\/div>\n\t\t<\/div>\n\n<\/div><\/div><div class=\"bde-columns-1316-147 bde-columns\"><div class=\"bde-column-1316-152 bde-column\">\n  \n  \n\t\n\n\n\n<div class=\"bde-pricing-table-1316-153 bde-pricing-table\">\n\n\n\n  <div class=\"bde-pricing-table__title\" >\n    SITE E-COMMERCE\n  <\/div>\n\n\n<div class='bde-pricing-table__price-area'>\n\n      <div class=\"bde-pricing-table__price-area--before-price-text\" >\n      55000 CVE\n    <\/div>\n  \n  <div class=\"bde-pricing-table__price-area--amount-and-period-wrapper\">\n\n    <div class=\"bde-pricing-table__price-area--amount\">\n      <span class=\"bde-pricing-table__price-area--amount-currency\" >\n        \n      <\/span>\n      <span class=\"bde-pricing-table__price-area--amount-number\">\n        <span class=\"bde-pricing-table__price-area--amount-number-main\" >\n          49900 CVE\n        <\/span>\n              <\/span>\n    <\/div>\n\n    \n  <\/div>\n\n      <div class=\"bde-pricing-table__price-area--badge\" >\n      <span>Promo\u00e7\u00e3o <\/span>\n    <\/div>\n  <\/div>\n\n\n\n  <div class=\"bde-pricing-table__description\" >\n    Todos os b\u00e1sicos para iniciar um novo neg\u00f3cio\n  <\/div>\n\n  <ul class=\"bde-pricing-table__features\">\n    \n                    \n                    \n      \n      <li class=\"bde-pricing-table__features-item bde-pricing-table__features-item--included\">\n        <span class=\"bde-pricing-table__features-icon\">\n                      <svg xmlns=\"http:\/\/www.w3.org\/2000\/svg\" viewbox=\"0 0 24 24\"><path d=\"M18.71,7.21a1,1,0,0,0-1.42,0L9.84,14.67,6.71,11.53A1,1,0,1,0,5.29,13l3.84,3.84a1,1,0,0,0,1.42,0l8.16-8.16A1,1,0,0,0,18.71,7.21Z\"\/><\/svg>\n                  <\/span>\n        <span class=\"bde-pricing-table__features-text\" >\n          Loja online completa\n        <\/span>\n      <\/li>\n    \n                    \n                    \n      \n      <li class=\"bde-pricing-table__features-item bde-pricing-table__features-item--included\">\n        <span class=\"bde-pricing-table__features-icon\">\n                      <svg xmlns=\"http:\/\/www.w3.org\/2000\/svg\" viewbox=\"0 0 24 24\"><path d=\"M18.71,7.21a1,1,0,0,0-1.42,0L9.84,14.67,6.71,11.53A1,1,0,1,0,5.29,13l3.84,3.84a1,1,0,0,0,1.42,0l8.16-8.16A1,1,0,0,0,18.71,7.21Z\"\/><\/svg>\n                  <\/span>\n        <span class=\"bde-pricing-table__features-text\" >\n          Integra\u00e7\u00e3o com Vinti4\n        <\/span>\n      <\/li>\n    \n                    \n                    \n      \n      <li class=\"bde-pricing-table__features-item bde-pricing-table__features-item--included\">\n        <span class=\"bde-pricing-table__features-icon\">\n                      <svg xmlns=\"http:\/\/www.w3.org\/2000\/svg\" viewbox=\"0 0 24 24\"><path d=\"M18.71,7.21a1,1,0,0,0-1.42,0L9.84,14.67,6.71,11.53A1,1,0,1,0,5.29,13l3.84,3.84a1,1,0,0,0,1.42,0l8.16-8.16A1,1,0,0,0,18.71,7.21Z\"\/><\/svg>\n                  <\/span>\n        <span class=\"bde-pricing-table__features-text\" >\n          At\u00e9 50 produtos\n        <\/span>\n      <\/li>\n    \n                    \n                    \n      \n      <li class=\"bde-pricing-table__features-item bde-pricing-table__features-item--included\">\n        <span class=\"bde-pricing-table__features-icon\">\n                      <svg xmlns=\"http:\/\/www.w3.org\/2000\/svg\" viewbox=\"0 0 24 24\"><path d=\"M18.71,7.21a1,1,0,0,0-1.42,0L9.84,14.67,6.71,11.53A1,1,0,1,0,5.29,13l3.84,3.84a1,1,0,0,0,1.42,0l8.16-8.16A1,1,0,0,0,18.71,7.21Z\"\/><\/svg>\n                  <\/span>\n        <span class=\"bde-pricing-table__features-text\" >\n          Gest\u00e3o de stock\n        <\/span>\n      <\/li>\n    \n                    \n                    \n      \n      <li class=\"bde-pricing-table__features-item bde-pricing-table__features-item--included\">\n        <span class=\"bde-pricing-table__features-icon\">\n                      <svg xmlns=\"http:\/\/www.w3.org\/2000\/svg\" viewbox=\"0 0 24 24\"><path d=\"M18.71,7.21a1,1,0,0,0-1.42,0L9.84,14.67,6.71,11.53A1,1,0,1,0,5.29,13l3.84,3.84a1,1,0,0,0,1.42,0l8.16-8.16A1,1,0,0,0,18.71,7.21Z\"\/><\/svg>\n                  <\/span>\n        <span class=\"bde-pricing-table__features-text\" >\n          6 meses de hospedagem gratuito\n        <\/span>\n      <\/li>\n      <\/ul>\n\n        \n    \n    \n    \n    \n            \n                    \n            \n            \n\n    \n    \n    \n    \n    \n    <a class=\"breakdance-link button-atom button-atom--primary bde-pricing-table__cta-button\" href=\"https:\/\/meusite.cv\/en\/site-e-commerce\/\" target=\"_blank\" data-type=\"url\">\n\n    \n        <span class=\"button-atom__text\">Saber  mais<\/span>\n\n        \n        \n                <\/a>\n\n    \n\n\n<\/div>\n<\/div><\/div><\/div>\n<\/section><section class=\"bde-section-1316-104 bde-section\">\n  \n  \n\t\n\n\n\n<div class=\"section-container\"><div class=\"bde-div-1316-105 bde-div\">\n  \n  \n\t\n\n\n\n<div class=\"bde-columns-1316-110 bde-columns\" data-entrance=\"slideLeft\"><div class=\"bde-column-1316-111 bde-column\">\n  \n  \n\t\n\n\n\n<div class=\"bde-icon-box-1316-112 bde-icon-box\">\n\n    \n            <div class=\"ee-iconbox-icon breakdance-icon-atom\" >\n    \n                    <svg xmlns=\"http:\/\/www.w3.org\/2000\/svg\" id=\"icon-phone\" viewbox=\"0 0 32 32\">\n<path d=\"M22 20c-2 2-2 4-4 4s-4-2-6-4-4-4-4-6 2-2 4-4-4-8-6-8-6 6-6 6c0 4 4.109 12.109 8 16s12 8 16 8c0 0 6-4 6-6s-6-8-8-6z\"\/>\n<\/svg>\n        \n        \n        \n            <\/div>\n    \n\n<div class=\"ee-iconbox-content\">\n      <p class=\"ee-iconbox-title bde-h3\" >Loja online completa<\/p>\n        <div class=\"ee-iconbox-text\" >Design adaptado para todos os dispositivos, garantindo uma experi\u00eancia de compra impec\u00e1vel em qualquer plataforma.<\/div>\n    <\/div>\n\n<\/div>\n<\/div><div class=\"bde-column-1316-113 bde-column\">\n  \n  \n\t\n\n\n\n<div class=\"bde-icon-box-1316-114 bde-icon-box\">\n\n    \n            <div class=\"ee-iconbox-icon breakdance-icon-atom\" >\n    \n                    <svg xmlns=\"http:\/\/www.w3.org\/2000\/svg\" viewbox=\"0 0 576 512\"><!--! Font Awesome Free 6.5.1 by @fontawesome - https:\/\/fontawesome.com License - https:\/\/fontawesome.com\/license\/free (Icons: CC BY 4.0, Fonts: SIL OFL 1.1, Code: MIT License) Copyright 2023 Fonticons, Inc. --><path d=\"M512 80c8.8 0 16 7.2 16 16v32H48V96c0-8.8 7.2-16 16-16H512zm16 144V416c0 8.8-7.2 16-16 16H64c-8.8 0-16-7.2-16-16V224H528zM64 32C28.7 32 0 60.7 0 96V416c0 35.3 28.7 64 64 64H512c35.3 0 64-28.7 64-64V96c0-35.3-28.7-64-64-64H64zm56 304c-13.3 0-24 10.7-24 24s10.7 24 24 24h48c13.3 0 24-10.7 24-24s-10.7-24-24-24H120zm128 0c-13.3 0-24 10.7-24 24s10.7 24 24 24H360c13.3 0 24-10.7 24-24s-10.7-24-24-24H248z\"\/><\/svg>\n        \n        \n        \n            <\/div>\n    \n\n<div class=\"ee-iconbox-content\">\n      <p class=\"ee-iconbox-title bde-h3\" >Integra\u00e7\u00e3o com Vinti4<\/p>\n        <div class=\"ee-iconbox-text\" >Pagamentos seguros, proporcionando confian\u00e7a e tranquilidade aos seus clientes.<\/div>\n    <\/div>\n\n<\/div>\n<\/div><div class=\"bde-column-1316-115 bde-column\">\n  \n  \n\t\n\n\n\n<div class=\"bde-icon-box-1316-116 bde-icon-box\">\n\n    \n            <div class=\"ee-iconbox-icon breakdance-icon-atom\" >\n    \n                    <svg xmlns=\"http:\/\/www.w3.org\/2000\/svg\" viewbox=\"0 0 448 512\"><!--! Font Awesome Free 6.5.1 by @fontawesome - https:\/\/fontawesome.com License - https:\/\/fontawesome.com\/license\/free (Icons: CC BY 4.0, Fonts: SIL OFL 1.1, Code: MIT License) Copyright 2023 Fonticons, Inc. --><path d=\"M160 112c0-35.3 28.7-64 64-64s64 28.7 64 64v48H160V112zm-48 48H48c-26.5 0-48 21.5-48 48V416c0 53 43 96 96 96H352c53 0 96-43 96-96V208c0-26.5-21.5-48-48-48H336V112C336 50.1 285.9 0 224 0S112 50.1 112 112v48zm24 48a24 24 0 1 1 0 48 24 24 0 1 1 0-48zm152 24a24 24 0 1 1 48 0 24 24 0 1 1 -48 0z\"\/><\/svg>\n        \n        \n        \n            <\/div>\n    \n\n<div class=\"ee-iconbox-content\">\n      <p class=\"ee-iconbox-title bde-h3\" >At\u00e9 50 produtos <\/p>\n        <div class=\"ee-iconbox-text\" >Sistema de gest\u00e3o de cat\u00e1logo f\u00e1cil de usar, permitindo organizar e exibir os produtos de forma eficiente.<\/div>\n    <\/div>\n\n<\/div>\n<\/div><\/div><div class=\"bde-columns-1316-117 bde-columns\" data-entrance=\"slideRight\"><div class=\"bde-column-1316-118 bde-column\">\n  \n  \n\t\n\n\n\n<div class=\"bde-icon-box-1316-119 bde-icon-box\">\n\n    \n            <div class=\"ee-iconbox-icon breakdance-icon-atom\" >\n    \n                    <svg xmlns=\"http:\/\/www.w3.org\/2000\/svg\" viewbox=\"0 0 512 512\"><!--! Font Awesome Free 6.5.1 by @fontawesome - https:\/\/fontawesome.com License - https:\/\/fontawesome.com\/license\/free (Icons: CC BY 4.0, Fonts: SIL OFL 1.1, Code: MIT License) Copyright 2023 Fonticons, Inc. --><path d=\"M32 32c17.7 0 32 14.3 32 32V400c0 8.8 7.2 16 16 16H480c17.7 0 32 14.3 32 32s-14.3 32-32 32H80c-44.2 0-80-35.8-80-80V64C0 46.3 14.3 32 32 32zm96 96c0-17.7 14.3-32 32-32l192 0c17.7 0 32 14.3 32 32s-14.3 32-32 32l-192 0c-17.7 0-32-14.3-32-32zm32 64H288c17.7 0 32 14.3 32 32s-14.3 32-32 32H160c-17.7 0-32-14.3-32-32s14.3-32 32-32zm0 96H416c17.7 0 32 14.3 32 32s-14.3 32-32 32H160c-17.7 0-32-14.3-32-32s14.3-32 32-32z\"\/><\/svg>\n        \n        \n        \n            <\/div>\n    \n\n<div class=\"ee-iconbox-content\">\n      <p class=\"ee-iconbox-title bde-h3\" >Gest\u00e3o de stock<\/p>\n        <div class=\"ee-iconbox-text\" >Controle de invent\u00e1rio simples e eficaz, garantindo que os produtos estejam sempre dispon\u00edveis.<\/div>\n    <\/div>\n\n<\/div>\n<\/div><div class=\"bde-column-1316-120 bde-column\">\n  \n  \n\t\n\n\n\n<div class=\"bde-icon-box-1316-121 bde-icon-box\">\n\n    \n            <div class=\"ee-iconbox-icon breakdance-icon-atom\" >\n    \n                    <svg xmlns=\"http:\/\/www.w3.org\/2000\/svg\" viewbox=\"0 0 512 512\"><!--! Font Awesome Free 6.5.1 by @fontawesome - https:\/\/fontawesome.com License - https:\/\/fontawesome.com\/license\/free (Icons: CC BY 4.0, Fonts: SIL OFL 1.1, Code: MIT License) Copyright 2023 Fonticons, Inc. --><path d=\"M352 256c0 22.2-1.2 43.6-3.3 64H163.3c-2.2-20.4-3.3-41.8-3.3-64s1.2-43.6 3.3-64H348.7c2.2 20.4 3.3 41.8 3.3 64zm28.8-64H503.9c5.3 20.5 8.1 41.9 8.1 64s-2.8 43.5-8.1 64H380.8c2.1-20.6 3.2-42 3.2-64s-1.1-43.4-3.2-64zm112.6-32H376.7c-10-63.9-29.8-117.4-55.3-151.6c78.3 20.7 142 77.5 171.9 151.6zm-149.1 0H167.7c6.1-36.4 15.5-68.6 27-94.7c10.5-23.6 22.2-40.7 33.5-51.5C239.4 3.2 248.7 0 256 0s16.6 3.2 27.8 13.8c11.3 10.8 23 27.9 33.5 51.5c11.6 26 20.9 58.2 27 94.7zm-209 0H18.6C48.6 85.9 112.2 29.1 190.6 8.4C165.1 42.6 145.3 96.1 135.3 160zM8.1 192H131.2c-2.1 20.6-3.2 42-3.2 64s1.1 43.4 3.2 64H8.1C2.8 299.5 0 278.1 0 256s2.8-43.5 8.1-64zM194.7 446.6c-11.6-26-20.9-58.2-27-94.6H344.3c-6.1 36.4-15.5 68.6-27 94.6c-10.5 23.6-22.2 40.7-33.5 51.5C272.6 508.8 263.3 512 256 512s-16.6-3.2-27.8-13.8c-11.3-10.8-23-27.9-33.5-51.5zM135.3 352c10 63.9 29.8 117.4 55.3 151.6C112.2 482.9 48.6 426.1 18.6 352H135.3zm358.1 0c-30 74.1-93.6 130.9-171.9 151.6c25.5-34.2 45.2-87.7 55.3-151.6H493.4z\"\/><\/svg>\n        \n        \n        \n            <\/div>\n    \n\n<div class=\"ee-iconbox-content\">\n      <p class=\"ee-iconbox-title bde-h3\" >Promo\u00e7\u00e3o <br>6 meses de hospedagem gratuito<\/p>\n        <div class=\"ee-iconbox-text\" >Hospedagem r\u00e1pida e confi\u00e1vel, assegurando a estabilidade do seu site durante o primeiro ano.<\/div>\n    <\/div>\n\n<\/div>\n<\/div><div class=\"bde-column-1316-122 bde-column\">\n  \n  \n\t\n\n\n\n<div class=\"bde-icon-box-1316-123 bde-icon-box\">\n\n    \n            <div class=\"ee-iconbox-icon breakdance-icon-atom\" >\n    \n                    <svg xmlns=\"http:\/\/www.w3.org\/2000\/svg\" viewbox=\"0 0 512 512\"><!--! Font Awesome Free 6.5.1 by @fontawesome - https:\/\/fontawesome.com License - https:\/\/fontawesome.com\/license\/free (Icons: CC BY 4.0, Fonts: SIL OFL 1.1, Code: MIT License) Copyright 2023 Fonticons, Inc. --><path d=\"M464 256A208 208 0 1 1 48 256a208 208 0 1 1 416 0zM0 256a256 256 0 1 0 512 0A256 256 0 1 0 0 256zM232 120V256c0 8 4 15.5 10.7 20l96 64c11 7.4 25.9 4.4 33.3-6.7s4.4-25.9-6.7-33.3L280 243.2V120c0-13.3-10.7-24-24-24s-24 10.7-24 24z\"\/><\/svg>\n        \n        \n        \n            <\/div>\n    \n\n<div class=\"ee-iconbox-content\">\n      <p class=\"ee-iconbox-title bde-h3\" >Suporte t\u00e9cnico<\/p>\n        <div class=\"ee-iconbox-text\" >Suporte t\u00e9cnico constante, pronto para ajudar a qualquer momento, garantindo o funcionamento cont\u00ednuo do seu site.<\/div>\n    <\/div>\n\n<\/div>\n<\/div><\/div>\n<\/div><\/div>\n<\/section><section class=\"bde-section-1316-133 bde-section\">\n  \n  \n\t\n\n\n\n<div class=\"section-container\"><div class=\"bde-globalblock-1316-134 bde-globalblock\"><\/div><\/div>\n<\/section><section class=\"bde-section-1316-124 bde-section\">\n              \n  \n  \n\t\n\n\n\n<div class=\"section-container\"><div class=\"bde-div-1316-125 bde-div\" data-entrance=\"flipUp\">\n  \n  \n\t\n\n\n\n<div class=\"bde-columns-1316-126 bde-columns\"><div class=\"bde-column-1316-127 bde-column\">\n  \n  \n\t\n\n\n\n<h4 class=\"bde-heading-1316-128 bde-heading\">\nPretende mais produtos ou uma loja virtual personalizada com mais funcionalidades?\n<\/h4><div class=\"bde-text-1316-129 bde-text\">\nPor favor, envie-nos um e-mail e nossa equipe de suporte entrar\u00e1 em contato consigo.\n<\/div>\n<\/div><div class=\"bde-column-1316-130 bde-column\">\n  \n  \n\t\n\n\n\n<div id=\"Enviar\" class=\"bde-shortcode-1316-131 bde-shortcode\"><div class='fluentform ff-default fluentform_wrapper_4 ffs_default_wrap'><form data-form_id=\"4\" id=\"fluentform_4\" class=\"frm-fluent-form fluent_form_4 ff-el-form-top ff_form_instance_4_1 ff-form-loading ffs_default\" data-form_instance=\"ff_form_instance_4_1\" method=\"POST\" action=\"\" ><fieldset  style=\"border: none!important;margin: 0!important;padding: 0!important;background-color: transparent!important;box-shadow: none!important;outline: none!important; min-inline-size: 100%;\">\n                    <legend class=\"ff_screen_reader_title\" style=\"display: block; margin: 0!important;padding: 0!important;height: 0!important;text-indent: -999999px;width: 0!important;overflow:hidden;\">Blank Form (#4)<\/legend>        <div\n                style=\"display: none!important; position: absolute!important; transform: translateX(1000%)!important;\"\n                class=\"ff-el-group ff-hpsf-container\"\n        >\n            <div class=\"ff-el-input--label asterisk-right\">\n                <label for=\"ff_4_item_sf\" aria-label=\"Subscribe\">\n                    Subscribe                <\/label>\n            <\/div>\n            <div class=\"ff-el-input--content\">\n                <input type=\"text\"\n                       name=\"item_4__fluent_sf\"\n                       class=\"ff-el-form-control\"\n                       id=\"ff_4_item_sf\"\n                \/>\n            <\/div>\n        <\/div>\n                <input type=\"hidden\" id=\"__fluent_protection_token_4\" class=\"fluent-form-token-field\" name=\"__fluent_protection_token_4\">\n        <input type='hidden' name='__fluent_form_embded_post_id' value='1316' \/><input type=\"hidden\" id=\"_fluentform_4_fluentformnonce\" name=\"_fluentform_4_fluentformnonce\" value=\"3d35a193de\" \/><input type=\"hidden\" name=\"_wp_http_referer\" value=\"\/en\/wp-json\/wp\/v2\/pages\/1316\" \/><div data-name=\"ff_cn_id_1\"  class='ff-t-container ff-column-container ff_columns_total_2'><div class='ff-t-cell ff-t-column-1' style='flex-basis: 60.81%;'><div class='ff-el-group'><div class='ff-el-input--content'><input type=\"email\" name=\"email\" id=\"ff_4_email\" class=\"ff-el-form-control\" placeholder=\"Endere\u00e7o de e-mail \" data-name=\"email\"  aria-invalid=\"false\" aria-required=\"true\"><\/div><\/div><\/div><div class='ff-t-cell ff-t-column-2' style='flex-basis: 39.19%;'><div class='ff-el-group ff-text-left ff_submit_btn_wrapper ff_submit_btn_wrapper_custom'><button class=\"ff-btn ff-btn-submit ff-btn-sm button ff_btn_style\" type=\"submit\" name=\"custom_submit_button-4_1\" data-name=\"custom_submit_button-4_1\"  aria-label=\"Enviar\">Enviar<\/button><style>form.fluent_form_4 .ff-btn-submit { background-color: #1a7efb; color: #ffffff; }<\/style><\/div><\/div><\/div><\/fieldset><input type=\"hidden\" name=\"trp-form-language\" value=\"en\"\/><\/form><div id='fluentform_4_errors' class='ff-errors-in-stack ff_form_instance_4_1 ff-form-loading_errors ff_form_instance_4_1_errors'><\/div><\/div>            <script type=\"text\/javascript\">\n                window.fluent_form_ff_form_instance_4_1 = {\"id\":\"4\",\"ajaxUrl\":\"https:\\\/\\\/meusite.cv\\\/wp-admin\\\/admin-ajax.php\",\"settings\":{\"layout\":{\"labelPlacement\":\"top\",\"asteriskPlacement\":\"asterisk-right\",\"helpMessagePlacement\":\"with_label\",\"errorMessagePlacement\":\"inline\",\"cssClassName\":\"\"},\"restrictions\":{\"denyEmptySubmission\":{\"enabled\":false}}},\"form_instance\":\"ff_form_instance_4_1\",\"form_id_selector\":\"fluentform_4\",\"rules\":{\"email\":{\"required\":{\"value\":true,\"message\":\"Este campo \\u00e9 obrigat\\u00f3rio\",\"global_message\":\"This field is required\",\"global\":true},\"email\":{\"value\":true,\"message\":\"Este campo deve conter um endere\\u00e7o de correio eletr\\u00f3nico v\\u00e1lido\",\"global_message\":\"This field must contain a valid email\",\"global\":true}}},\"debounce_time\":300};\n                            <\/script>\n            <\/div>\n<\/div><\/div>\n<\/div><\/div>\n<\/section>","protected":false},"excerpt":{"rendered":"<p>Site E-Commerce Transforme a suas vendas com uma plataforma de e-commerce de \u00faltima gera\u00e7\u00e3o Fale connosco 00 Dias Dias 00 Horas Horas 00 Minutos Minuto 00 Segundos Segundo SITE E-COMMERCE 55000 CVE 49900 CVE Promo\u00e7\u00e3o Todos os b\u00e1sicos para iniciar um novo neg\u00f3cio Loja online completa Integra\u00e7\u00e3o com Vinti4 At\u00e9 50 produtos Gest\u00e3o de stock [&hellip;]<\/p>\n","protected":false},"author":2,"featured_media":0,"parent":0,"menu_order":0,"comment_status":"closed","ping_status":"closed","template":"","meta":{"_acf_changed":false,"_breakdance_hide_in_design_set":false,"_breakdance_tags":"","footnotes":""},"class_list":["post-1316","page","type-page","status-publish","hentry"],"acf":[],"_links":{"self":[{"href":"https:\/\/meusite.cv\/en\/wp-json\/wp\/v2\/pages\/1316","targetHints":{"allow":["GET"]}}],"collection":[{"href":"https:\/\/meusite.cv\/en\/wp-json\/wp\/v2\/pages"}],"about":[{"href":"https:\/\/meusite.cv\/en\/wp-json\/wp\/v2\/types\/page"}],"author":[{"embeddable":true,"href":"https:\/\/meusite.cv\/en\/wp-json\/wp\/v2\/users\/2"}],"replies":[{"embeddable":true,"href":"https:\/\/meusite.cv\/en\/wp-json\/wp\/v2\/comments?post=1316"}],"version-history":[{"count":15,"href":"https:\/\/meusite.cv\/en\/wp-json\/wp\/v2\/pages\/1316\/revisions"}],"predecessor-version":[{"id":2367,"href":"https:\/\/meusite.cv\/en\/wp-json\/wp\/v2\/pages\/1316\/revisions\/2367"}],"wp:attachment":[{"href":"https:\/\/meusite.cv\/en\/wp-json\/wp\/v2\/media?parent=1316"}],"curies":[{"name":"wp","href":"https:\/\/api.w.org\/{rel}","templated":true}]}}