{"id":810,"date":"2025-01-28T11:27:09","date_gmt":"2025-01-28T11:27:09","guid":{"rendered":"https:\/\/meusite.cv\/?page_id=810"},"modified":"2025-03-07T13:53:39","modified_gmt":"2025-03-07T14:53:39","slug":"construindo-pontes-digitais","status":"publish","type":"page","link":"https:\/\/meusite.cv\/en\/construindo-pontes-digitais\/","title":{"rendered":"Construindo Pontes Digitais&#8230;"},"content":{"rendered":"<section class=\"bde-section-810-100 bde-section\">\n              \n  \n  \n\t\n\n  <div class=\"section-background-overlay\"><\/div>\n\n\n<div class=\"section-container\"><div class=\"bde-div-810-101 bde-div\" data-entrance=\"slideRight\">\n  \n  \n\t\n\n\n\n<div class=\"bde-columns-810-102 bde-columns\"><div class=\"bde-column-810-103 bde-column\">\n  \n  \n\t\n\n\n\n<div class=\"bde-div-810-104 bde-div\">\n  \n  \n\t\n\n\n\n<div class=\"bde-icon-810-105 bde-icon\">\n\n    \n            <div class=\"bde-icon-icon breakdance-icon-atom\" >\n    \n                    <svg xmlns=\"http:\/\/www.w3.org\/2000\/svg\" viewbox=\"0 0 512 512\"><!-- Font Awesome Free 5.15.1 by @fontawesome - https:\/\/fontawesome.com License - https:\/\/fontawesome.com\/license\/free (Icons: CC BY 4.0, Fonts: SIL OFL 1.1, Code: MIT License) --><path d=\"M256 56c110.532 0 200 89.451 200 200 0 110.532-89.451 200-200 200-110.532 0-200-89.451-200-200 0-110.532 89.451-200 200-200m0-48C119.033 8 8 119.033 8 256s111.033 248 248 248 248-111.033 248-248S392.967 8 256 8zm0 168c-44.183 0-80 35.817-80 80s35.817 80 80 80 80-35.817 80-80-35.817-80-80-80z\"\/><\/svg>\n        \n        \n        \n            <\/div>\n    \n\n\n<\/div><div class=\"bde-icon-810-107 bde-icon\">\n\n    \n            <div class=\"bde-icon-icon breakdance-icon-atom\" >\n    \n                    <svg xmlns=\"http:\/\/www.w3.org\/2000\/svg\" viewbox=\"0 0 512 512\"><!-- Font Awesome Free 5.15.1 by @fontawesome - https:\/\/fontawesome.com License - https:\/\/fontawesome.com\/license\/free (Icons: CC BY 4.0, Fonts: SIL OFL 1.1, Code: MIT License) --><path d=\"M256 56c110.532 0 200 89.451 200 200 0 110.532-89.451 200-200 200-110.532 0-200-89.451-200-200 0-110.532 89.451-200 200-200m0-48C119.033 8 8 119.033 8 256s111.033 248 248 248 248-111.033 248-248S392.967 8 256 8zm0 168c-44.183 0-80 35.817-80 80s35.817 80 80 80 80-35.817 80-80-35.817-80-80-80z\"\/><\/svg>\n        \n        \n        \n            <\/div>\n    \n\n\n<\/div>\n<\/div><h2 class=\"bde-heading-810-108 bde-heading\">\nConstruindo Pontes Digitais...\n<\/h2><div class=\"bde-text-810-109 bde-text\">\nEstamos a preparar algo especial para Cabo Verde. Websites que n\u00e3o s\u00e3o apenas p\u00e1ginas, mas pontes digitais que ligam cada ilha, cada comunidade, cada sonho. Brevemente, vamos transformar a sua presen\u00e7a online em algo t\u00e3o vibrante e \u00fanico como a nossa cultura crioula. Fique atento - a revolu\u00e7\u00e3o digital cabo-verdiana est\u00e1 prestes a come\u00e7ar!\n<\/div><div class=\"bde-fancy-divider-810-111 bde-fancy-divider\">\n\n\n<div class=\"bde-fancy-divider__wrapper\">\n  <div class=\"bde-fancy-divider__separator\">\n  \t  <\/div>\n<\/div>\n\n<\/div>\n<\/div><\/div>\n<\/div><\/div>\n<\/section>","protected":false},"excerpt":{"rendered":"<p>Construindo Pontes Digitais&#8230; Estamos a preparar algo especial para Cabo Verde. Websites que n\u00e3o s\u00e3o apenas p\u00e1ginas, mas pontes digitais que ligam cada ilha, cada comunidade, cada sonho. Brevemente, vamos transformar a sua presen\u00e7a online em algo t\u00e3o vibrante e \u00fanico como a nossa cultura crioula. Fique atento &#8211; a revolu\u00e7\u00e3o digital cabo-verdiana est\u00e1 prestes [&hellip;]<\/p>\n","protected":false},"author":1,"featured_media":0,"parent":0,"menu_order":0,"comment_status":"closed","ping_status":"closed","template":"","meta":{"_acf_changed":false,"_breakdance_hide_in_design_set":false,"_breakdance_tags":"","footnotes":""},"class_list":["post-810","page","type-page","status-publish","hentry"],"acf":[],"_links":{"self":[{"href":"https:\/\/meusite.cv\/en\/wp-json\/wp\/v2\/pages\/810","targetHints":{"allow":["GET"]}}],"collection":[{"href":"https:\/\/meusite.cv\/en\/wp-json\/wp\/v2\/pages"}],"about":[{"href":"https:\/\/meusite.cv\/en\/wp-json\/wp\/v2\/types\/page"}],"author":[{"embeddable":true,"href":"https:\/\/meusite.cv\/en\/wp-json\/wp\/v2\/users\/1"}],"replies":[{"embeddable":true,"href":"https:\/\/meusite.cv\/en\/wp-json\/wp\/v2\/comments?post=810"}],"version-history":[{"count":5,"href":"https:\/\/meusite.cv\/en\/wp-json\/wp\/v2\/pages\/810\/revisions"}],"predecessor-version":[{"id":816,"href":"https:\/\/meusite.cv\/en\/wp-json\/wp\/v2\/pages\/810\/revisions\/816"}],"wp:attachment":[{"href":"https:\/\/meusite.cv\/en\/wp-json\/wp\/v2\/media?parent=810"}],"curies":[{"name":"wp","href":"https:\/\/api.w.org\/{rel}","templated":true}]}}